{"id":1570,"date":"2019-11-05T10:23:00","date_gmt":"2019-11-05T08:23:00","guid":{"rendered":"https:\/\/kajakdc.fi\/?page_id=1570"},"modified":"2020-01-20T12:35:44","modified_gmt":"2020-01-20T10:35:44","slug":"media","status":"publish","type":"page","link":"https:\/\/kajakdc.fi\/?page_id=1570","title":{"rendered":"Media"},"content":{"rendered":"<div id=\"pl-1570\"  class=\"panel-layout\" ><div id=\"pg-1570-0\"  class=\"panel-grid panel-no-style\" ><div id=\"pgc-1570-0-0\"  class=\"panel-grid-cell\" ><div id=\"panel-1570-0-0-0\" class=\"so-panel widget widget_text panel-first-child panel-last-child\" data-index=\"0\" >\t\t\t<div class=\"textwidget\"><p>T\u00e4ss\u00e4 ovat DC:n viralliset logot ja muu media vapaasti mutta vastuullisesti k\u00e4ytett\u00e4v\u00e4ksi. Suurempi versio kuvasta aukeaa klikkaamalla.<\/p>\n<\/div>\n\t\t<\/div><\/div><\/div><div id=\"pg-1570-1\"  class=\"panel-grid panel-no-style\" ><div id=\"pgc-1570-1-0\"  class=\"panel-grid-cell\" ><\/div><\/div><\/div>","protected":false},"excerpt":{"rendered":"<p>T\u00e4ss\u00e4 ovat DC:n viralliset logot ja muu media vapaasti mutta vastuullisesti k\u00e4ytett\u00e4v\u00e4ksi. Suurempi versio kuvasta aukeaa klikkaamalla. <a class=\"continue-reading-link\" href=\"https:\/\/kajakdc.fi\/?page_id=1570\">Jatka lukemista<\/a><\/p>\n","protected":false},"author":13,"featured_media":0,"parent":0,"menu_order":0,"comment_status":"closed","ping_status":"closed","template":"","meta":{"footnotes":""},"class_list":["post-1570","page","type-page","status-publish","hentry"],"_links":{"self":[{"href":"https:\/\/kajakdc.fi\/index.php?rest_route=\/wp\/v2\/pages\/1570","targetHints":{"allow":["GET"]}}],"collection":[{"href":"https:\/\/kajakdc.fi\/index.php?rest_route=\/wp\/v2\/pages"}],"about":[{"href":"https:\/\/kajakdc.fi\/index.php?rest_route=\/wp\/v2\/types\/page"}],"author":[{"embeddable":true,"href":"https:\/\/kajakdc.fi\/index.php?rest_route=\/wp\/v2\/users\/13"}],"replies":[{"embeddable":true,"href":"https:\/\/kajakdc.fi\/index.php?rest_route=%2Fwp%2Fv2%2Fcomments&post=1570"}],"version-history":[{"count":0,"href":"https:\/\/kajakdc.fi\/index.php?rest_route=\/wp\/v2\/pages\/1570\/revisions"}],"wp:attachment":[{"href":"https:\/\/kajakdc.fi\/index.php?rest_route=%2Fwp%2Fv2%2Fmedia&parent=1570"}],"curies":[{"name":"wp","href":"https:\/\/api.w.org\/{rel}","templated":true}]}}