{"id":301,"date":"2013-11-22T16:56:12","date_gmt":"2013-11-22T14:56:12","guid":{"rendered":"http:\/\/www.kajakdc.fi\/?page_id=301"},"modified":"2022-01-19T12:57:15","modified_gmt":"2022-01-19T10:57:15","slug":"opiskelijat","status":"publish","type":"page","link":"https:\/\/kajakdc.fi\/?page_id=301","title":{"rendered":"Opiskelijalle"},"content":{"rendered":"<p>T\u00e4ll\u00e4 sivulla ovat perusohjeet, miten dc-opiskelijat p\u00e4\u00e4sev\u00e4t k\u00e4ytt\u00e4m\u00e4\u00e4n tietoj\u00e4rjestelm\u00e4laboratorion palveluita. Apua tai ohjeita tarvittaessa, ota yhteytt\u00e4 dclabra [at] kamk.fi tai <a href=\"https:\/\/discord.gg\/veRGaWMQ2v\">KajakDC:n Discord:ssa<\/a>.<\/p>\r\n\r\n\r\n\r\n<h2 class=\"wp-block-heading\">Et\u00e4yhteys<\/h2>\r\n\r\n\r\n\r\n<p><strong>Yleist\u00e4<\/strong><\/p>\r\n\r\n\r\n\r\n<p>VPN yhdist\u00e4\u00e4 tietokoneen suojatun tunnelin l\u00e4pi DC-labran sis\u00e4verkkoon. Tietokone saa IP-osoitteen labran palomuurilta ja FortiClient-asiakasohjelma huolehtii liikenteen v\u00e4litt\u00e4misest\u00e4 tunnelin l\u00e4pi. K\u00e4yt\u00f6ss\u00e4 on jaettu tunneli, jolloin tunnelin l\u00e4pi kulkee ainoastaan labran sis\u00e4verkkoon suuntautuva liikenne.<\/p>\r\n\r\n\r\n\r\n<p>Muihin osoitteisiin liikenne kulkee normaalisti k\u00e4yt\u00f6ss\u00e4 olevan verkkoyhteyden kautta.<\/p>\r\n\r\n\r\n\r\n<p>Et\u00e4yhteyden kautta on tekniikan puolesta mahdollista k\u00e4ytt\u00e4\u00e4 kaikkia labran verkossa olevia palveluita, mutta tietoturvan takia toistaiseksi k\u00e4yt\u00f6ss\u00e4 on vCenter ja muutama muu palvelu. Et\u00e4yhteys k\u00e4ytt\u00e4\u00e4 labran sis\u00e4verkon nimipalvelinta, joten palveluihin voi ottaa yhteytt\u00e4 sis\u00e4verkon domain-nimill\u00e4.<\/p>\r\n\r\n\r\n\r\n<p><strong>Osoitteita:<\/strong><br \/>Kysy dclabra[at]kamk.fi tai KajakDC:n Discord:ssa.<\/p>\r\n\r\n\r\n\r\n\r\n\r\n<p>&nbsp;<\/p>","protected":false},"excerpt":{"rendered":"<p>T\u00e4ll\u00e4 sivulla ovat perusohjeet, miten dc-opiskelijat p\u00e4\u00e4sev\u00e4t k\u00e4ytt\u00e4m\u00e4\u00e4n tietoj\u00e4rjestelm\u00e4laboratorion palveluita. Apua tai ohjeita tarvittaessa, ota yhteytt\u00e4 dclabra [at] kamk.fi tai KajakDC:n Discord:ssa. Et\u00e4yhteys Yleist\u00e4 VPN yhdist\u00e4\u00e4 tietokoneen suojatun tunnelin l\u00e4pi DC-labran sis\u00e4verkkoon. Tietokone saa IP-osoitteen labran palomuurilta ja FortiClient-asiakasohjelma huolehtii liikenteen v\u00e4litt\u00e4misest\u00e4 tunnelin l\u00e4pi. K\u00e4yt\u00f6ss\u00e4 on jaettu tunneli, jolloin tunnelin\u2026 <a class=\"continue-reading-link\" href=\"https:\/\/kajakdc.fi\/?page_id=301\">Jatka lukemista<\/a><\/p>\n","protected":false},"author":8,"featured_media":0,"parent":0,"menu_order":0,"comment_status":"closed","ping_status":"closed","template":"","meta":{"footnotes":""},"class_list":["post-301","page","type-page","status-publish","hentry"],"_links":{"self":[{"href":"https:\/\/kajakdc.fi\/index.php?rest_route=\/wp\/v2\/pages\/301","targetHints":{"allow":["GET"]}}],"collection":[{"href":"https:\/\/kajakdc.fi\/index.php?rest_route=\/wp\/v2\/pages"}],"about":[{"href":"https:\/\/kajakdc.fi\/index.php?rest_route=\/wp\/v2\/types\/page"}],"author":[{"embeddable":true,"href":"https:\/\/kajakdc.fi\/index.php?rest_route=\/wp\/v2\/users\/8"}],"replies":[{"embeddable":true,"href":"https:\/\/kajakdc.fi\/index.php?rest_route=%2Fwp%2Fv2%2Fcomments&post=301"}],"version-history":[{"count":10,"href":"https:\/\/kajakdc.fi\/index.php?rest_route=\/wp\/v2\/pages\/301\/revisions"}],"predecessor-version":[{"id":2239,"href":"https:\/\/kajakdc.fi\/index.php?rest_route=\/wp\/v2\/pages\/301\/revisions\/2239"}],"wp:attachment":[{"href":"https:\/\/kajakdc.fi\/index.php?rest_route=%2Fwp%2Fv2%2Fmedia&parent=301"}],"curies":[{"name":"wp","href":"https:\/\/api.w.org\/{rel}","templated":true}]}}