{"id":38,"date":"2012-09-13T14:01:21","date_gmt":"2012-09-13T11:01:21","guid":{"rendered":"http:\/\/172.31.17.7\/?page_id=38"},"modified":"2022-01-19T13:21:18","modified_gmt":"2022-01-19T11:21:18","slug":"hakeminen","status":"publish","type":"page","link":"https:\/\/kajakdc.fi\/?page_id=38","title":{"rendered":"Hakeminen"},"content":{"rendered":"<p>&nbsp;<\/p>\n<h2>Haku datacenteropintoihin tapahtuu kev\u00e4\u00e4n yhteishaussa.<\/h2>\n<p>Kajaanin ammattikorkeakoulun virallinen hakuohje l\u00f6ytyy <a href=\"http:\/\/kamk.fi\/fi\/Hakijalle\/Hakeminen\">t\u00e4\u00e4lt\u00e4<\/a>.<\/p>\n<p>Valitse yhteishaussa hakukohteeksi: Tradenomi (AMK), Tietojenk\u00e4sittely, Datacenter, p\u00e4iv\u00e4toteutus, Kajaani<\/p>\n<p>Lis\u00e4tietoja hakemisesta, sek\u00e4 s\u00e4hk\u00f6inen hakemus meille osoitteessa\u00a0<a href=\"https:\/\/opintopolku.fi\/konfo\/fi\/toteutus\/1.2.246.562.17.00000000000000004516\" target=\"_blank\" rel=\"noopener noreferrer\">opintopolku.fi<\/a><\/p>\n<h3>P\u00e4\u00e4sykokeet<\/h3>\n<p><a href=\"https:\/\/www.kamk.fi\/fi\/Hakijalle\/Hakeminen\/Opiskelijavalinta\/Opiskelijavalinta-AMK-tutkinnot\" target=\"_blank\" rel=\"noopener noreferrer\">Valintakoe<\/a> on luonnontieteiden alan valtakunnallinen valintakoe. Valintakokeeseen kutsutaan kaikki hakukelpoiset hakujat. Lis\u00e4tietoa valtakunnallisesta AMK-valintakokeesta l\u00f6yd\u00e4t <a href=\"https:\/\/www.ammattikorkeakouluun.fi\/hakijalle\/valintatavat\/amk-valintakoe\/\" target=\"_blank\" rel=\"noopener noreferrer\">t\u00e4\u00e4lt\u00e4<\/a>.<\/p>","protected":false},"excerpt":{"rendered":"<p>&nbsp; Haku datacenteropintoihin tapahtuu kev\u00e4\u00e4n yhteishaussa. Kajaanin ammattikorkeakoulun virallinen hakuohje l\u00f6ytyy t\u00e4\u00e4lt\u00e4. Valitse yhteishaussa hakukohteeksi: Tradenomi (AMK), Tietojenk\u00e4sittely, Datacenter, p\u00e4iv\u00e4toteutus, Kajaani Lis\u00e4tietoja hakemisesta, sek\u00e4 s\u00e4hk\u00f6inen hakemus meille osoitteessa\u00a0opintopolku.fi P\u00e4\u00e4sykokeet Valintakoe on luonnontieteiden alan valtakunnallinen valintakoe. Valintakokeeseen kutsutaan kaikki hakukelpoiset hakujat. Lis\u00e4tietoa valtakunnallisesta AMK-valintakokeesta l\u00f6yd\u00e4t t\u00e4\u00e4lt\u00e4. <a class=\"continue-reading-link\" href=\"https:\/\/kajakdc.fi\/?page_id=38\">Jatka lukemista<\/a><\/p>\n","protected":false},"author":3,"featured_media":0,"parent":40,"menu_order":0,"comment_status":"closed","ping_status":"closed","template":"","meta":{"footnotes":""},"class_list":["post-38","page","type-page","status-publish","hentry"],"_links":{"self":[{"href":"https:\/\/kajakdc.fi\/index.php?rest_route=\/wp\/v2\/pages\/38","targetHints":{"allow":["GET"]}}],"collection":[{"href":"https:\/\/kajakdc.fi\/index.php?rest_route=\/wp\/v2\/pages"}],"about":[{"href":"https:\/\/kajakdc.fi\/index.php?rest_route=\/wp\/v2\/types\/page"}],"author":[{"embeddable":true,"href":"https:\/\/kajakdc.fi\/index.php?rest_route=\/wp\/v2\/users\/3"}],"replies":[{"embeddable":true,"href":"https:\/\/kajakdc.fi\/index.php?rest_route=%2Fwp%2Fv2%2Fcomments&post=38"}],"version-history":[{"count":3,"href":"https:\/\/kajakdc.fi\/index.php?rest_route=\/wp\/v2\/pages\/38\/revisions"}],"predecessor-version":[{"id":2241,"href":"https:\/\/kajakdc.fi\/index.php?rest_route=\/wp\/v2\/pages\/38\/revisions\/2241"}],"up":[{"embeddable":true,"href":"https:\/\/kajakdc.fi\/index.php?rest_route=\/wp\/v2\/pages\/40"}],"wp:attachment":[{"href":"https:\/\/kajakdc.fi\/index.php?rest_route=%2Fwp%2Fv2%2Fmedia&parent=38"}],"curies":[{"name":"wp","href":"https:\/\/api.w.org\/{rel}","templated":true}]}}