{"id":40,"date":"2012-09-13T14:12:28","date_gmt":"2012-09-13T11:12:28","guid":{"rendered":"http:\/\/172.31.17.7\/?page_id=40"},"modified":"2012-09-13T14:12:28","modified_gmt":"2012-09-13T11:12:28","slug":"koulutus","status":"publish","type":"page","link":"https:\/\/kajakdc.fi\/?page_id=40","title":{"rendered":"Koulutus"},"content":{"rendered":"<p>&nbsp;<\/p>\n<p><em>Tietojenk\u00e4sittelyn koulutusohjelmassa (210 op) suoritettava datacenter -ratkaisuihin erikoistuvan koulutuksen osuus voi olla laajuudeltaan jopa yli 100 opintopistett\u00e4. Koulutus toteutetaan osana tietojenk\u00e4sittelyn tradenomikoulutusta, jonka opinnot kest\u00e4v\u00e4t 3,5 vuotta.\u00a0<\/em><\/p>\n<p>Datacenter -ratkaisujen keskeiseksi opetusv\u00e4lineeksi Kajaanin ammattikorkeakoulussa on otettu virtualisointi, jota opiskellaan uusitussa tietoj\u00e4rjestelm\u00e4laboratoriossa.\u00a0\u00a0Yhteens\u00e4 virtualisointiin liittyvi\u00e4 opintoja on mahdollista sis\u00e4llytt\u00e4\u00e4 tutkintoon 21 opintopisteen verran. Toinen keskeinen opetuskokonaisuus on palvelin- ja verkkoymp\u00e4rist\u00f6t sek\u00e4 niiden hallinta. Kajaanin ammattikorkeakoulu on mukana Microsoftin ja VMwaren IT Academy \u2013ohjelmissa, joiden resursseja opiskelijat voivat hy\u00f6dynt\u00e4\u00e4 koko opiskeluaikansa. Lis\u00e4ksi edistyksellisimmille opiskelijoille Kajaanin ammattikorkeakoulu tarjoaa mahdollisuuden suorittaa tietojenk\u00e4sittelyss\u00e4 eri toimittajien sertifiointeja ja koulu osallistuu testeist\u00e4 koituviin kustannuksiin. Datacenter -ratkaisujen koulutus antaa valmiudet toimia esimerkiksi j\u00e4rjestelm\u00e4asiantuntijana, kouluttajana, IT-suunnittelijana tai k\u00e4ytt\u00f6p\u00e4\u00e4llikk\u00f6n\u00e4.<\/p>\n<h3><\/h3>\n<p><\/p>","protected":false},"excerpt":{"rendered":"<p>&nbsp; Tietojenk\u00e4sittelyn koulutusohjelmassa (210 op) suoritettava datacenter -ratkaisuihin erikoistuvan koulutuksen osuus voi olla laajuudeltaan jopa yli 100 opintopistett\u00e4. Koulutus toteutetaan osana tietojenk\u00e4sittelyn tradenomikoulutusta, jonka opinnot kest\u00e4v\u00e4t 3,5 vuotta.\u00a0 Datacenter -ratkaisujen keskeiseksi opetusv\u00e4lineeksi Kajaanin ammattikorkeakoulussa on otettu virtualisointi, jota opiskellaan uusitussa tietoj\u00e4rjestelm\u00e4laboratoriossa.\u00a0\u00a0Yhteens\u00e4 virtualisointiin liittyvi\u00e4 opintoja on mahdollista sis\u00e4llytt\u00e4\u00e4 tutkintoon 21 opintopisteen\u2026 <a class=\"continue-reading-link\" href=\"https:\/\/kajakdc.fi\/?page_id=40\">Jatka lukemista<\/a><\/p>\n","protected":false},"author":3,"featured_media":0,"parent":0,"menu_order":0,"comment_status":"closed","ping_status":"closed","template":"","meta":{"footnotes":""},"class_list":["post-40","page","type-page","status-publish","hentry"],"_links":{"self":[{"href":"https:\/\/kajakdc.fi\/index.php?rest_route=\/wp\/v2\/pages\/40","targetHints":{"allow":["GET"]}}],"collection":[{"href":"https:\/\/kajakdc.fi\/index.php?rest_route=\/wp\/v2\/pages"}],"about":[{"href":"https:\/\/kajakdc.fi\/index.php?rest_route=\/wp\/v2\/types\/page"}],"author":[{"embeddable":true,"href":"https:\/\/kajakdc.fi\/index.php?rest_route=\/wp\/v2\/users\/3"}],"replies":[{"embeddable":true,"href":"https:\/\/kajakdc.fi\/index.php?rest_route=%2Fwp%2Fv2%2Fcomments&post=40"}],"version-history":[{"count":0,"href":"https:\/\/kajakdc.fi\/index.php?rest_route=\/wp\/v2\/pages\/40\/revisions"}],"wp:attachment":[{"href":"https:\/\/kajakdc.fi\/index.php?rest_route=%2Fwp%2Fv2%2Fmedia&parent=40"}],"curies":[{"name":"wp","href":"https:\/\/api.w.org\/{rel}","templated":true}]}}