{"id":42,"date":"2012-09-13T14:14:27","date_gmt":"2012-09-13T11:14:27","guid":{"rendered":"http:\/\/172.31.17.7\/?page_id=42"},"modified":"2012-09-13T14:14:27","modified_gmt":"2012-09-13T11:14:27","slug":"opintojen-sisalto","status":"publish","type":"page","link":"https:\/\/kajakdc.fi\/?page_id=42","title":{"rendered":"Opintojen sis\u00e4lt\u00f6"},"content":{"rendered":"<p>&nbsp;<\/p>\n<p>Datacenter -ratkaisujen erikoistumisopinnoissa opiskelet eri k\u00e4ytt\u00f6j\u00e4rjestelmi\u00e4, palvelinj\u00e4rjestelmi\u00e4, verkkoymp\u00e4rist\u00f6j\u00e4 ja tietoturvaa. Lis\u00e4ksi perehdyt skriptaukseen, yritystoimintaan ja viestint\u00e4\u00e4n.<\/p>\n<p>Ammattiopinnot toteutetaan DC-labrassa ja virtualisoitujen ymp\u00e4rist\u00f6jen avulla painottaen laajasti projektimaista ty\u00f6skentely\u00e4, omakohtaista tekemist\u00e4 ja k\u00e4yt\u00e4nn\u00f6ss\u00e4 harjoittelua. Syvent\u00e4m\u00e4ll\u00e4 opiskeluasi omiin kiinnostumiskohteisiisi ja panostamalla niihin saat k\u00e4ytt\u00f6\u00f6si erilaisia verkko-opiskeluresursseja mahdollisuuden suorittaa oppilaitoksen tukemana sertifikaatti \u2013testej\u00e4.<\/p>\n<p>Ty\u00f6harjoittelussa (30 op) p\u00e4\u00e4set syvent\u00e4m\u00e4\u00e4n osaamistasi k\u00e4yt\u00e4nn\u00f6n ty\u00f6teht\u00e4viss\u00e4. Datacenter -ratkaisujen harjoittelupaikkoja ovat yritykset ja erilaiset yhteis\u00f6t, joilla on riitt\u00e4v\u00e4n laajasti tietotekniikkaa k\u00e4yt\u00f6ss\u00e4\u00e4n. Opinn\u00e4ytety\u00f6 (15 op) tehd\u00e4\u00e4n usein ulkopuolisten organisaatioiden toimeksiannosta ja usein kyseess\u00e4 on jokin rajattu kehitt\u00e4misteht\u00e4v\u00e4 tai j\u00e4rjestelm\u00e4n k\u00e4ytt\u00f6\u00f6notto.<\/p>\n<p><iframe loading=\"lazy\" width=\"800\" height=\"450\" src=\"https:\/\/www.youtube.com\/embed\/qjG3FLNoQhU?feature=oembed\" frameborder=\"0\" allow=\"autoplay; encrypted-media\" allowfullscreen><\/iframe><\/p>","protected":false},"excerpt":{"rendered":"<p>&nbsp; Datacenter -ratkaisujen erikoistumisopinnoissa opiskelet eri k\u00e4ytt\u00f6j\u00e4rjestelmi\u00e4, palvelinj\u00e4rjestelmi\u00e4, verkkoymp\u00e4rist\u00f6j\u00e4 ja tietoturvaa. Lis\u00e4ksi perehdyt skriptaukseen, yritystoimintaan ja viestint\u00e4\u00e4n. Ammattiopinnot toteutetaan DC-labrassa ja virtualisoitujen ymp\u00e4rist\u00f6jen avulla painottaen laajasti projektimaista ty\u00f6skentely\u00e4, omakohtaista tekemist\u00e4 ja k\u00e4yt\u00e4nn\u00f6ss\u00e4 harjoittelua. Syvent\u00e4m\u00e4ll\u00e4 opiskeluasi omiin kiinnostumiskohteisiisi ja panostamalla niihin saat k\u00e4ytt\u00f6\u00f6si erilaisia verkko-opiskeluresursseja mahdollisuuden suorittaa oppilaitoksen tukemana sertifikaatti \u2013testej\u00e4.\u2026 <a class=\"continue-reading-link\" href=\"https:\/\/kajakdc.fi\/?page_id=42\">Jatka lukemista<\/a><\/p>\n","protected":false},"author":3,"featured_media":0,"parent":40,"menu_order":0,"comment_status":"closed","ping_status":"closed","template":"","meta":{"footnotes":""},"class_list":["post-42","page","type-page","status-publish","hentry"],"_links":{"self":[{"href":"https:\/\/kajakdc.fi\/index.php?rest_route=\/wp\/v2\/pages\/42","targetHints":{"allow":["GET"]}}],"collection":[{"href":"https:\/\/kajakdc.fi\/index.php?rest_route=\/wp\/v2\/pages"}],"about":[{"href":"https:\/\/kajakdc.fi\/index.php?rest_route=\/wp\/v2\/types\/page"}],"author":[{"embeddable":true,"href":"https:\/\/kajakdc.fi\/index.php?rest_route=\/wp\/v2\/users\/3"}],"replies":[{"embeddable":true,"href":"https:\/\/kajakdc.fi\/index.php?rest_route=%2Fwp%2Fv2%2Fcomments&post=42"}],"version-history":[{"count":0,"href":"https:\/\/kajakdc.fi\/index.php?rest_route=\/wp\/v2\/pages\/42\/revisions"}],"up":[{"embeddable":true,"href":"https:\/\/kajakdc.fi\/index.php?rest_route=\/wp\/v2\/pages\/40"}],"wp:attachment":[{"href":"https:\/\/kajakdc.fi\/index.php?rest_route=%2Fwp%2Fv2%2Fmedia&parent=42"}],"curies":[{"name":"wp","href":"https:\/\/api.w.org\/{rel}","templated":true}]}}