{"id":43,"date":"2012-09-13T14:14:52","date_gmt":"2012-09-13T11:14:52","guid":{"rendered":"http:\/\/172.31.17.7\/?page_id=43"},"modified":"2021-10-07T08:43:43","modified_gmt":"2021-10-07T05:43:43","slug":"opintojen-rakenne","status":"publish","type":"page","link":"https:\/\/kajakdc.fi\/?page_id=43","title":{"rendered":"Opintojen rakenne"},"content":{"rendered":"<p>&nbsp;<\/p>\n<p>Opintojen tavoitteena on datacenter -ratkaisujen kokonaisuuden hahmottaminen jolloin opiskellaan keskeisi\u00e4 palvelin- ja ty\u00f6asematuotteita sek\u00e4 nykyaikaisia organisaatioiden verkkoratkaisuja. Yll\u00e4pidon perusvalmiuksien lis\u00e4ksi koulutus antaa valmiudet suunnitella ja kehitt\u00e4\u00e4 tietoteknisi\u00e4 ratkaisuja osana organisaation muuta kehitt\u00e4misty\u00f6t\u00e4. Yksitt\u00e4isi\u00e4 kursseja ja kurssisis\u00e4lt\u00f6j\u00e4 pyrit\u00e4\u00e4n niputtamaan isommiksi asiakokonaisuuksiksi projektimuotoisissa harjoitust\u00f6iss\u00e4, jotka voivat ulottua yli yksitt\u00e4isten kurssien. Kurssisis\u00e4ll\u00f6t ja ajankohdan l\u00f6yd\u00e4t <a title=\"DC OPS\" href=\"http:\/\/opinto-opas.kamk.fi\/index.php\/fi\/68146\/fi\/68531\/TTK21SD\/year\/2021\" target=\"_blank\" rel=\"noopener noreferrer\">opetussuunnitelmastamme<\/a>.<\/p>\n<h3><\/h3>\n<p><\/p>","protected":false},"excerpt":{"rendered":"<p>&nbsp; Opintojen tavoitteena on datacenter -ratkaisujen kokonaisuuden hahmottaminen jolloin opiskellaan keskeisi\u00e4 palvelin- ja ty\u00f6asematuotteita sek\u00e4 nykyaikaisia organisaatioiden verkkoratkaisuja. Yll\u00e4pidon perusvalmiuksien lis\u00e4ksi koulutus antaa valmiudet suunnitella ja kehitt\u00e4\u00e4 tietoteknisi\u00e4 ratkaisuja osana organisaation muuta kehitt\u00e4misty\u00f6t\u00e4. Yksitt\u00e4isi\u00e4 kursseja ja kurssisis\u00e4lt\u00f6j\u00e4 pyrit\u00e4\u00e4n niputtamaan isommiksi asiakokonaisuuksiksi projektimuotoisissa harjoitust\u00f6iss\u00e4, jotka voivat ulottua yli yksitt\u00e4isten kurssien. Kurssisis\u00e4ll\u00f6t\u2026 <a class=\"continue-reading-link\" href=\"https:\/\/kajakdc.fi\/?page_id=43\">Jatka lukemista<\/a><\/p>\n","protected":false},"author":3,"featured_media":0,"parent":40,"menu_order":0,"comment_status":"closed","ping_status":"closed","template":"","meta":{"footnotes":""},"class_list":["post-43","page","type-page","status-publish","hentry"],"_links":{"self":[{"href":"https:\/\/kajakdc.fi\/index.php?rest_route=\/wp\/v2\/pages\/43","targetHints":{"allow":["GET"]}}],"collection":[{"href":"https:\/\/kajakdc.fi\/index.php?rest_route=\/wp\/v2\/pages"}],"about":[{"href":"https:\/\/kajakdc.fi\/index.php?rest_route=\/wp\/v2\/types\/page"}],"author":[{"embeddable":true,"href":"https:\/\/kajakdc.fi\/index.php?rest_route=\/wp\/v2\/users\/3"}],"replies":[{"embeddable":true,"href":"https:\/\/kajakdc.fi\/index.php?rest_route=%2Fwp%2Fv2%2Fcomments&post=43"}],"version-history":[{"count":1,"href":"https:\/\/kajakdc.fi\/index.php?rest_route=\/wp\/v2\/pages\/43\/revisions"}],"predecessor-version":[{"id":2154,"href":"https:\/\/kajakdc.fi\/index.php?rest_route=\/wp\/v2\/pages\/43\/revisions\/2154"}],"up":[{"embeddable":true,"href":"https:\/\/kajakdc.fi\/index.php?rest_route=\/wp\/v2\/pages\/40"}],"wp:attachment":[{"href":"https:\/\/kajakdc.fi\/index.php?rest_route=%2Fwp%2Fv2%2Fmedia&parent=43"}],"curies":[{"name":"wp","href":"https:\/\/api.w.org\/{rel}","templated":true}]}}