{"id":47,"date":"2012-09-13T14:17:01","date_gmt":"2012-09-13T11:17:01","guid":{"rendered":"http:\/\/172.31.17.7\/?page_id=47"},"modified":"2022-01-19T10:32:06","modified_gmt":"2022-01-19T08:32:06","slug":"kumppanit","status":"publish","type":"page","link":"https:\/\/kajakdc.fi\/?page_id=47","title":{"rendered":"Kumppanit"},"content":{"rendered":"<p>&nbsp;<\/p>\r\n\r\n\r\n\r\n<div class=\"wp-block-image\">\r\n<figure class=\"aligncenter size-large\"><a href=\"https:\/\/www.ibm.com\/fi\"><img loading=\"lazy\" decoding=\"async\" width=\"300\" height=\"193\" class=\"wp-image-1784\" src=\"https:\/\/kajakdc.fi\/wp-content\/uploads\/2020\/01\/ibm_pos_blue_r_safe-300x193-1.jpg\" alt=\"\" srcset=\"https:\/\/kajakdc.fi\/wp-content\/uploads\/2020\/01\/ibm_pos_blue_r_safe-300x193-1.jpg 300w, https:\/\/kajakdc.fi\/wp-content\/uploads\/2020\/01\/ibm_pos_blue_r_safe-300x193-1-233x150.jpg 233w, https:\/\/kajakdc.fi\/wp-content\/uploads\/2020\/01\/ibm_pos_blue_r_safe-300x193-1-150x97.jpg 150w\" sizes=\"auto, (max-width: 300px) 100vw, 300px\" \/><\/a><\/figure>\r\n<\/div>\r\n\r\n\r\n\r\n<p><strong> <a href=\"http:\/\/www.ibm.com\/fi\/fi\/\">IBM<\/a><\/strong> sek\u00e4 Herman IT toimivat yhteisty\u00f6ss\u00e4 Kajaanin ammattikorkeakoulun kanssa. Tarkoituksena on tarjota Kajaanin ammattikorkeakoulun loppuvaiheen opiskelijoille mahdollisuus kehitt\u00e4\u00e4 k\u00e4yt\u00e4nn\u00f6n taitoja aidossa, modernissa IT-tuotantoymp\u00e4rist\u00f6ss\u00e4. IBM:n alansa huippuasiantuntijat pit\u00e4v\u00e4t opiskelijoille k\u00e4yt\u00e4nn\u00f6nl\u00e4heisi\u00e4 luentoja, joissa jaetaan yritysel\u00e4m\u00e4n kokemuksia sek\u00e4 tarjotaan viitekehykset k\u00e4yt\u00e4nn\u00f6n harjoittelulle.<\/p>\r\n\r\n\r\n\r\n<p>Yhteisty\u00f6n my\u00f6t\u00e4 opiskelijat saavat harvinaislaatuisen tilaisuuden oppia kokeneilta IT-ammattilaisilta kokonaisvaltaista ymm\u00e4rryst\u00e4 IT-infrastruktuurin rakentamisesta sek\u00e4 IT-palvelujen tuotannosta. Kurssin tavoitteena on kouluttaa Kajaanin seudulle modernin teknologian osaajia, joilla on hallussa my\u00f6s k\u00e4yt\u00e4nn\u00f6n opit.<\/p>\r\n\r\n\r\n\r\n<div class=\"wp-block-image\">\r\n<figure class=\"aligncenter size-large is-resized\"><a href=\"https:\/\/www.csc.fi\/etusivu\"><img loading=\"lazy\" decoding=\"async\" class=\"wp-image-1789\" src=\"https:\/\/kajakdc.fi\/wp-content\/uploads\/2020\/01\/csc-300x190-1.jpg\" alt=\"\" width=\"227\" height=\"144\" srcset=\"https:\/\/kajakdc.fi\/wp-content\/uploads\/2020\/01\/csc-300x190-1.jpg 300w, https:\/\/kajakdc.fi\/wp-content\/uploads\/2020\/01\/csc-300x190-1-237x150.jpg 237w, https:\/\/kajakdc.fi\/wp-content\/uploads\/2020\/01\/csc-300x190-1-150x95.jpg 150w\" sizes=\"auto, (max-width: 227px) 100vw, 227px\" \/><\/a><\/figure>\r\n<\/div>\r\n\r\n\r\n\r\n<p><a href=\"http:\/\/www.csc.fi\/\"><strong>CSC<\/strong> &#8211; Tieteen tietotekniikan keskus Oy<\/a> on Suomen ainoa supertietokonekeskus ja laskennallisen tutkimuksen osaamiskeskus. Vastaamme my\u00f6s Suomen korkeakoulujen Funet-tietoverkon toiminnasta. Teht\u00e4v\u00e4mme on kehitt\u00e4\u00e4 ja tarjota tietotekniikkapalveluja osana suomalaista tutkimusj\u00e4rjestelm\u00e4\u00e4. Toimimme edell\u00e4k\u00e4vij\u00e4n\u00e4 monissa kansainv\u00e4lisiss\u00e4 hankkeissa. Toimintaa hallinnoi ja rahoittaa opetus- ja kulttuuriministeri\u00f6. CSC:ll\u00e4 ty\u00f6skentelee noin 220 asiantuntijaa. Suurin osa henkil\u00f6kunnasta on korkeasti koulutettuja tietotekniikan tai eri tiedealojen asiantuntijoita. Etsimme jatkuvasti tietokanta-, j\u00e4rjestelm\u00e4-, sovellus- ja tietoliikenneasiantuntijoita. CSC hallinnoi ja kehitt\u00e4\u00e4 aktiivisesti omia datacentereit\u00e4\u00e4n pysty\u00e4kseen vastaamaan yh\u00e4 kasvaviin asiakasvaatimuksiin. CSC kantaa yhteiskuntavastuunsa panostamalla voimakkaasti ekotehokkuuteen ja kest\u00e4v\u00e4n kehityksen tietotaidon jakamiseen. CSC:n nykyiset kaksi vapaaj\u00e4\u00e4hdytyst\u00e4 hy\u00f6dynt\u00e4v\u00e4\u00e4 konesalia Espoossa tulevat saamaan seurakseen uuden sukupolven modulaarisen konesali-infrastruktuurin ja osaamiskeskuksen Kajaaniin.<\/p>\r\n<div class=\"wp-block-image\">\r\n<p><a href=\"https:\/\/hermanit.fi\/\"><img loading=\"lazy\" decoding=\"async\" class=\"size-medium wp-image-2204 aligncenter\" src=\"https:\/\/kajakdc.fi\/wp-content\/uploads\/2022\/01\/herman_it_logo_slogan-300x133.jpg\" alt=\"\" width=\"300\" height=\"133\" srcset=\"https:\/\/kajakdc.fi\/wp-content\/uploads\/2022\/01\/herman_it_logo_slogan-300x133.jpg 300w, https:\/\/kajakdc.fi\/wp-content\/uploads\/2022\/01\/herman_it_logo_slogan-250x111.jpg 250w, https:\/\/kajakdc.fi\/wp-content\/uploads\/2022\/01\/herman_it_logo_slogan-150x67.jpg 150w, https:\/\/kajakdc.fi\/wp-content\/uploads\/2022\/01\/herman_it_logo_slogan.jpg 709w\" sizes=\"auto, (max-width: 300px) 100vw, 300px\" \/><\/a><\/p>\r\n<\/div>\r\n\r\n\r\n\r\n<p><strong><a href=\"http:\/\/www.hermanit.fi\/?lang=fi\" target=\"_top\" rel=\"noopener noreferrer\">Herman IT Oy<\/a><\/strong> on konesalipalveluiden edell\u00e4k\u00e4vij\u00e4 yhdist\u00e4en prosessiteollisuuden parhaat k\u00e4yt\u00e4nteet, modernit maailman johtavat IT teknologiat ja huippuosaamisen. Herman IT on yksi johtavista konesalipalveluiden tuottajista Suomessa. Herman IT on osa KPO konsernia. Konsernin palveluksessa on n. 150 ammattilaista. Osaava ja sitoutunut henkil\u00f6st\u00f6 muodostaa menestyksen perustan.<\/p>\r\n\r\n\r\n\r\n<div class=\"wp-block-image\">\r\n<figure class=\"aligncenter size-large\"><a href=\"http:\/\/www.tradec.fi\/\"><img loading=\"lazy\" decoding=\"async\" width=\"187\" height=\"20\" class=\"wp-image-1788\" src=\"https:\/\/kajakdc.fi\/wp-content\/uploads\/2020\/01\/tradec_networks.png\" alt=\"\" srcset=\"https:\/\/kajakdc.fi\/wp-content\/uploads\/2020\/01\/tradec_networks.png 187w, https:\/\/kajakdc.fi\/wp-content\/uploads\/2020\/01\/tradec_networks-150x16.png 150w\" sizes=\"auto, (max-width: 187px) 100vw, 187px\" \/><\/a><\/figure>\r\n<\/div>\r\n\r\n\r\n\r\n<p><strong><a href=\"http:\/\/www.tradec.fi\/\">TRADEC NETWORKS<\/a><\/strong> perustettiin 1980-luvun alussa ja on vuosien varrella muodostunut varteen otettavaksi kaupalliseksi tekij\u00e4ksi konesalien varustajana. Tradec, kuten yhti\u00f6 lyhennetyss\u00e4 muodossa paremmin tunnetaan, on merkitt\u00e4v\u00e4 kansainv\u00e4linen k\u00e4ytettyjen laitteiden toimittaja Unix ymp\u00e4rist\u00f6ihin, mutta p\u00e4\u00e4s\u00e4\u00e4nt\u00f6isesti keskittynyt 2000-luvulla toimittamaan tallennus ja varmennus ymp\u00e4rist\u00f6j\u00e4, kytkin-, reititin-, palvelin- ja kokonaisia konehuoneratkaisuja laajalle asiakaskunnallemme. Olemme my\u00f6s kehitt\u00e4neet voimakkaasti osaamistamme ja markkinaosuuttamme erilaisten virtualisointiratkaisuiden toimittajana ja sovellusten myyntiorganisaationa. Yhteisty\u00f6mme Kajaanin ammattikorkeakoulun kanssa on ollut eritt\u00e4in hedelm\u00e4llist\u00e4 ja olemme olleet erinomaisen tyytyv\u00e4isi\u00e4 henkil\u00f6st\u00f6rekrytointiin ammattikorkeakoulusta. Tulemme ehdottomasti jatkamaan yhteisty\u00f6t\u00e4 Kajaanin ammattikorkeakoulun kanssa ja olemme my\u00f6s suositelleet yhteisty\u00f6kumppaneillemme kontaktointia KAMK:iin.<\/p>\r\n\r\n\r\n\r\n<div class=\"wp-block-image\">\r\n<figure class=\"aligncenter size-large\"><a href=\"https:\/\/www.vmware.com\/\"><img loading=\"lazy\" decoding=\"async\" width=\"300\" height=\"75\" class=\"wp-image-1787\" src=\"https:\/\/kajakdc.fi\/wp-content\/uploads\/2020\/01\/vmware-logo-300x75-1.jpg\" alt=\"\" srcset=\"https:\/\/kajakdc.fi\/wp-content\/uploads\/2020\/01\/vmware-logo-300x75-1.jpg 300w, https:\/\/kajakdc.fi\/wp-content\/uploads\/2020\/01\/vmware-logo-300x75-1-250x63.jpg 250w, https:\/\/kajakdc.fi\/wp-content\/uploads\/2020\/01\/vmware-logo-300x75-1-150x38.jpg 150w\" sizes=\"auto, (max-width: 300px) 100vw, 300px\" \/><\/a><\/figure>\r\n<\/div>\r\n\r\n\r\n\r\n<div class=\"wp-block-image\">\r\n<figure class=\"aligncenter size-large\"><a href=\"https:\/\/www.delltechnologies.com\/fi-fi\/index.htm\"><img loading=\"lazy\" decoding=\"async\" width=\"300\" height=\"146\" class=\"wp-image-1786\" src=\"https:\/\/kajakdc.fi\/wp-content\/uploads\/2020\/01\/emc-300x146-1.jpg\" alt=\"\" srcset=\"https:\/\/kajakdc.fi\/wp-content\/uploads\/2020\/01\/emc-300x146-1.jpg 300w, https:\/\/kajakdc.fi\/wp-content\/uploads\/2020\/01\/emc-300x146-1-250x122.jpg 250w, https:\/\/kajakdc.fi\/wp-content\/uploads\/2020\/01\/emc-300x146-1-150x73.jpg 150w\" sizes=\"auto, (max-width: 300px) 100vw, 300px\" \/><\/a><\/figure>\r\n<\/div>\r\n\r\n\r\n\r\n<div class=\"wp-block-image\">\r\n<figure class=\"aligncenter size-large is-resized\"><a href=\"https:\/\/www.microsoft.com\/fi-fi\/\"><img loading=\"lazy\" decoding=\"async\" class=\"wp-image-1785\" src=\"https:\/\/kajakdc.fi\/wp-content\/uploads\/2020\/01\/logo_mslogo-300x48-1.png\" alt=\"\" width=\"245\" height=\"39\" srcset=\"https:\/\/kajakdc.fi\/wp-content\/uploads\/2020\/01\/logo_mslogo-300x48-1.png 300w, https:\/\/kajakdc.fi\/wp-content\/uploads\/2020\/01\/logo_mslogo-300x48-1-250x40.png 250w, https:\/\/kajakdc.fi\/wp-content\/uploads\/2020\/01\/logo_mslogo-300x48-1-150x24.png 150w\" sizes=\"auto, (max-width: 245px) 100vw, 245px\" \/><\/a><\/figure>\r\n<\/div>\r\n\r\n\r\n\r\n<p>&nbsp;<\/p>","protected":false},"excerpt":{"rendered":"<p>&nbsp; IBM sek\u00e4 Herman IT toimivat yhteisty\u00f6ss\u00e4 Kajaanin ammattikorkeakoulun kanssa. Tarkoituksena on tarjota Kajaanin ammattikorkeakoulun loppuvaiheen opiskelijoille mahdollisuus kehitt\u00e4\u00e4 k\u00e4yt\u00e4nn\u00f6n taitoja aidossa, modernissa IT-tuotantoymp\u00e4rist\u00f6ss\u00e4. IBM:n alansa huippuasiantuntijat pit\u00e4v\u00e4t opiskelijoille k\u00e4yt\u00e4nn\u00f6nl\u00e4heisi\u00e4 luentoja, joissa jaetaan yritysel\u00e4m\u00e4n kokemuksia sek\u00e4 tarjotaan viitekehykset k\u00e4yt\u00e4nn\u00f6n harjoittelulle. Yhteisty\u00f6n my\u00f6t\u00e4 opiskelijat saavat harvinaislaatuisen tilaisuuden oppia kokeneilta IT-ammattilaisilta kokonaisvaltaista\u2026 <a class=\"continue-reading-link\" href=\"https:\/\/kajakdc.fi\/?page_id=47\">Jatka lukemista<\/a><\/p>\n","protected":false},"author":3,"featured_media":0,"parent":0,"menu_order":0,"comment_status":"closed","ping_status":"closed","template":"","meta":{"footnotes":""},"class_list":["post-47","page","type-page","status-publish","hentry"],"_links":{"self":[{"href":"https:\/\/kajakdc.fi\/index.php?rest_route=\/wp\/v2\/pages\/47","targetHints":{"allow":["GET"]}}],"collection":[{"href":"https:\/\/kajakdc.fi\/index.php?rest_route=\/wp\/v2\/pages"}],"about":[{"href":"https:\/\/kajakdc.fi\/index.php?rest_route=\/wp\/v2\/types\/page"}],"author":[{"embeddable":true,"href":"https:\/\/kajakdc.fi\/index.php?rest_route=\/wp\/v2\/users\/3"}],"replies":[{"embeddable":true,"href":"https:\/\/kajakdc.fi\/index.php?rest_route=%2Fwp%2Fv2%2Fcomments&post=47"}],"version-history":[{"count":8,"href":"https:\/\/kajakdc.fi\/index.php?rest_route=\/wp\/v2\/pages\/47\/revisions"}],"predecessor-version":[{"id":2205,"href":"https:\/\/kajakdc.fi\/index.php?rest_route=\/wp\/v2\/pages\/47\/revisions\/2205"}],"wp:attachment":[{"href":"https:\/\/kajakdc.fi\/index.php?rest_route=%2Fwp%2Fv2%2Fmedia&parent=47"}],"curies":[{"name":"wp","href":"https:\/\/api.w.org\/{rel}","templated":true}]}}