{"id":772,"date":"2017-02-24T09:08:22","date_gmt":"2017-02-24T07:08:22","guid":{"rendered":"http:\/\/web1.kamit.fi\/kajakdc2\/?page_id=772"},"modified":"2017-02-24T09:08:22","modified_gmt":"2017-02-24T07:08:22","slug":"kajak-dc","status":"publish","type":"page","link":"https:\/\/kajakdc.fi\/?page_id=772","title":{"rendered":"Kajak DC"},"content":{"rendered":"<p>&nbsp;<\/p>\n<p>KajakDC on nimitys Kajaanin ammattikorkeakoulun datacenter-ratkaisuille. KajakDC:n alle muodustuu datacenter-opiskelijoiden tuottamat palvelut omasta opetusk\u00e4yt\u00f6ss\u00e4 olevasta konesalistamme. DC-labrassa sijaitseva konesali on Suomen ainoa opiskelijoiden yll\u00e4pit\u00e4m\u00e4 palvelinymp\u00e4rist\u00f6, jota k\u00e4ytet\u00e4\u00e4n aktiivisesti niin opinnoissa kuin projekteissa.<\/p>\n<p><iframe loading=\"lazy\" width=\"800\" height=\"450\" src=\"https:\/\/www.youtube.com\/embed\/qjG3FLNoQhU?feature=oembed\" frameborder=\"0\" allow=\"autoplay; encrypted-media\" allowfullscreen><\/iframe><\/p>","protected":false},"excerpt":{"rendered":"<p>&nbsp; KajakDC on nimitys Kajaanin ammattikorkeakoulun datacenter-ratkaisuille. KajakDC:n alle muodustuu datacenter-opiskelijoiden tuottamat palvelut omasta opetusk\u00e4yt\u00f6ss\u00e4 olevasta konesalistamme. DC-labrassa sijaitseva konesali on Suomen ainoa opiskelijoiden yll\u00e4pit\u00e4m\u00e4 palvelinymp\u00e4rist\u00f6, jota k\u00e4ytet\u00e4\u00e4n aktiivisesti niin opinnoissa kuin projekteissa. <a class=\"continue-reading-link\" href=\"https:\/\/kajakdc.fi\/?page_id=772\">Jatka lukemista<\/a><\/p>\n","protected":false},"author":7,"featured_media":0,"parent":0,"menu_order":0,"comment_status":"closed","ping_status":"closed","template":"","meta":{"footnotes":""},"class_list":["post-772","page","type-page","status-publish","hentry"],"_links":{"self":[{"href":"https:\/\/kajakdc.fi\/index.php?rest_route=\/wp\/v2\/pages\/772","targetHints":{"allow":["GET"]}}],"collection":[{"href":"https:\/\/kajakdc.fi\/index.php?rest_route=\/wp\/v2\/pages"}],"about":[{"href":"https:\/\/kajakdc.fi\/index.php?rest_route=\/wp\/v2\/types\/page"}],"author":[{"embeddable":true,"href":"https:\/\/kajakdc.fi\/index.php?rest_route=\/wp\/v2\/users\/7"}],"replies":[{"embeddable":true,"href":"https:\/\/kajakdc.fi\/index.php?rest_route=%2Fwp%2Fv2%2Fcomments&post=772"}],"version-history":[{"count":0,"href":"https:\/\/kajakdc.fi\/index.php?rest_route=\/wp\/v2\/pages\/772\/revisions"}],"wp:attachment":[{"href":"https:\/\/kajakdc.fi\/index.php?rest_route=%2Fwp%2Fv2%2Fmedia&parent=772"}],"curies":[{"name":"wp","href":"https:\/\/api.w.org\/{rel}","templated":true}]}}