{"id":776,"date":"2017-02-24T09:12:43","date_gmt":"2017-02-24T07:12:43","guid":{"rendered":"http:\/\/web1.kamit.fi\/kajakdc2\/?page_id=776"},"modified":"2023-10-27T12:11:12","modified_gmt":"2023-10-27T09:11:12","slug":"yhteystiedot","status":"publish","type":"page","link":"https:\/\/kajakdc.fi\/?page_id=776","title":{"rendered":"Yhteystiedot"},"content":{"rendered":"<p>&nbsp;<\/p>\n<p>Datacenter koulutukseen liittyviss\u00e4 asioissa voit olla yhteydess\u00e4 koulutus- ja tutkimusp\u00e4\u00e4llikk\u00f6 Jonna Kalermo-Poraseen (jonna.kalermo-poranen[at]kamk.fi) ja muita yhteystietoja l\u00f6ytyy <a href=\"http:\/\/kamk.fi\/fi\/Esittely\/Yhteystiedot\" target=\"_blank\" rel=\"noopener noreferrer\">t\u00e4\u00e4lt\u00e4<\/a>.<\/p>","protected":false},"excerpt":{"rendered":"<p>&nbsp; Datacenter koulutukseen liittyviss\u00e4 asioissa voit olla yhteydess\u00e4 koulutus- ja tutkimusp\u00e4\u00e4llikk\u00f6 Jonna Kalermo-Poraseen (jonna.kalermo-poranen[at]kamk.fi) ja muita yhteystietoja l\u00f6ytyy t\u00e4\u00e4lt\u00e4. <a class=\"continue-reading-link\" href=\"https:\/\/kajakdc.fi\/?page_id=776\">Jatka lukemista<\/a><\/p>\n","protected":false},"author":7,"featured_media":0,"parent":0,"menu_order":0,"comment_status":"closed","ping_status":"closed","template":"","meta":{"footnotes":""},"class_list":["post-776","page","type-page","status-publish","hentry"],"_links":{"self":[{"href":"https:\/\/kajakdc.fi\/index.php?rest_route=\/wp\/v2\/pages\/776","targetHints":{"allow":["GET"]}}],"collection":[{"href":"https:\/\/kajakdc.fi\/index.php?rest_route=\/wp\/v2\/pages"}],"about":[{"href":"https:\/\/kajakdc.fi\/index.php?rest_route=\/wp\/v2\/types\/page"}],"author":[{"embeddable":true,"href":"https:\/\/kajakdc.fi\/index.php?rest_route=\/wp\/v2\/users\/7"}],"replies":[{"embeddable":true,"href":"https:\/\/kajakdc.fi\/index.php?rest_route=%2Fwp%2Fv2%2Fcomments&post=776"}],"version-history":[{"count":4,"href":"https:\/\/kajakdc.fi\/index.php?rest_route=\/wp\/v2\/pages\/776\/revisions"}],"predecessor-version":[{"id":2375,"href":"https:\/\/kajakdc.fi\/index.php?rest_route=\/wp\/v2\/pages\/776\/revisions\/2375"}],"wp:attachment":[{"href":"https:\/\/kajakdc.fi\/index.php?rest_route=%2Fwp%2Fv2%2Fmedia&parent=776"}],"curies":[{"name":"wp","href":"https:\/\/api.w.org\/{rel}","templated":true}]}}